{"id":89,"date":"2024-04-09T15:41:18","date_gmt":"2024-04-09T18:41:18","guid":{"rendered":"https:\/\/paulasibilia2.lugarestudio.com.br\/?page_id=89"},"modified":"2024-10-30T19:11:28","modified_gmt":"2024-10-30T22:11:28","slug":"artemidia","status":"publish","type":"page","link":"https:\/\/paulasibilia.com\/index.php\/artemidia\/","title":{"rendered":"Rede Artem\u00eddia"},"content":{"rendered":"<p>[et_pb_section fb_built=&#8221;1&#8243; admin_label=&#8221;CAPITULOS&#8221; _builder_version=&#8221;4.27.2&#8243; _module_preset=&#8221;default&#8221; background_color=&#8221;rgba(102,102,102,0.68)&#8221; background_image=&#8221;https:\/\/paulasibilia.com\/wp-content\/uploads\/2024\/10\/rede-artemidia.jpg&#8221; background_blend=&#8221;multiply&#8221; background_pattern_horizontal_offset=&#8221;-100%&#8221; background_pattern_vertical_offset=&#8221;100%&#8221; width=&#8221;100%&#8221; max_width=&#8221;100%&#8221; module_alignment=&#8221;center&#8221; max_height=&#8221;100%&#8221; custom_margin=&#8221;-55px||0px||false|false&#8221; mix_blend_mode=&#8221;multiply&#8221; collapsed=&#8221;on&#8221; global_colors_info=&#8221;{}&#8221;][et_pb_row _builder_version=&#8221;4.25.0&#8243; _module_preset=&#8221;default&#8221; custom_margin=&#8221;35px||||false|false&#8221; global_colors_info=&#8221;{}&#8221;][et_pb_column type=&#8221;4_4&#8243; _builder_version=&#8221;4.25.0&#8243; _module_preset=&#8221;default&#8221; global_colors_info=&#8221;{}&#8221;][et_pb_heading title=&#8221;Projeto&#8221; _builder_version=&#8221;4.27.2&#8243; _module_preset=&#8221;default&#8221; title_font=&#8221;Poppins|300||on|||||&#8221; title_text_align=&#8221;left&#8221; title_text_color=&#8221;#FFFFFF&#8221; title_font_size=&#8221;60px&#8221; title_letter_spacing=&#8221;7px&#8221; hover_enabled=&#8221;0&#8243; title_text_shadow_style=&#8221;preset3&#8243; global_colors_info=&#8221;{}&#8221; sticky_enabled=&#8221;0&#8243;][\/et_pb_heading][\/et_pb_column][\/et_pb_row][\/et_pb_section][et_pb_section fb_built=&#8221;1&#8243; _builder_version=&#8221;4.27.2&#8243; _module_preset=&#8221;default&#8221; background_color=&#8221;gcid-6c7d0226-7d00-4233-b6cb-ba10bc829a18&#8243; custom_margin=&#8221;0px||0px||true|false&#8221; custom_padding=&#8221;0px||0px||false|false&#8221; global_colors_info=&#8221;{%22gcid-6c7d0226-7d00-4233-b6cb-ba10bc829a18%22:%91%22background_color%22%93}&#8221;][et_pb_row use_custom_gutter=&#8221;on&#8221; gutter_width=&#8221;1&#8243; make_equal=&#8221;on&#8221; _builder_version=&#8221;4.27.2&#8243; _module_preset=&#8221;default&#8221; width=&#8221;100%&#8221; max_width=&#8221;100%&#8221; custom_margin=&#8221;0px||0px||true|false&#8221; custom_padding=&#8221;25px||25px||true|false&#8221; global_colors_info=&#8221;{}&#8221;][et_pb_column type=&#8221;4_4&#8243; _builder_version=&#8221;4.25.0&#8243; _module_preset=&#8221;default&#8221; global_colors_info=&#8221;{}&#8221;][\/et_pb_column][\/et_pb_row][\/et_pb_section][et_pb_section fb_built=&#8221;1&#8243; _builder_version=&#8221;4.27.2&#8243; _module_preset=&#8221;default&#8221; background_color=&#8221;gcid-6c7d0226-7d00-4233-b6cb-ba10bc829a18&#8243; custom_margin=&#8221;0px||0px||true|false&#8221; custom_padding=&#8221;0px||10px||false|false&#8221; global_colors_info=&#8221;{%22gcid-6c7d0226-7d00-4233-b6cb-ba10bc829a18%22:%91%22background_color%22%93}&#8221;][et_pb_row _builder_version=&#8221;4.27.2&#8243; _module_preset=&#8221;default&#8221; custom_padding=&#8221;30px|0px|20px|0px|false|true&#8221; global_colors_info=&#8221;{}&#8221; locked=&#8221;off&#8221;][et_pb_column type=&#8221;4_4&#8243; _builder_version=&#8221;4.24.3&#8243; _module_preset=&#8221;default&#8221; custom_padding=&#8221;|100px|||false|false&#8221; global_colors_info=&#8221;{}&#8221;][et_pb_text _builder_version=&#8221;4.27.2&#8243; _module_preset=&#8221;default&#8221; text_font=&#8221;&#8211;et_global_body_font|300|||||||&#8221; header_font=&#8221;Poppins|300||on|||||&#8221; header_text_color=&#8221;#000000&#8243; header_font_size=&#8221;35px&#8221; header_line_height=&#8221;0.9em&#8221; custom_margin=&#8221;0px||0px||true|false&#8221; custom_padding=&#8221;5px||5px||true|false&#8221; hover_enabled=&#8221;0&#8243; locked=&#8221;off&#8221; global_colors_info=&#8221;{}&#8221; sticky_enabled=&#8221;0&#8243;]<\/p>\n<h1>Rede Internacional de Pesquisa ARTEM\u00cdDIA<\/h1>\n<p>[\/et_pb_text][et_pb_heading title=&#8221;T\u00e9cnicas e subjetividades nas artes e nas m\u00eddias contempor\u00e2neas&#8221; _builder_version=&#8221;4.27.2&#8243; _module_preset=&#8221;default&#8221; title_level=&#8221;h3&#8243; title_font=&#8221;Poppins|||on|||||&#8221; title_text_align=&#8221;left&#8221; title_text_color=&#8221;#6d5400&#8243; title_font_size=&#8221;19px&#8221; title_letter_spacing=&#8221;1px&#8221; title_line_height=&#8221;1.5em&#8221; custom_margin=&#8221;0px||0px||true|false&#8221; custom_padding=&#8221;0px||0px||true|false&#8221; hover_enabled=&#8221;0&#8243; global_colors_info=&#8221;{}&#8221; sticky_enabled=&#8221;0&#8243;][\/et_pb_heading][\/et_pb_column][\/et_pb_row][et_pb_row _builder_version=&#8221;4.27.2&#8243; _module_preset=&#8221;default&#8221; custom_margin=&#8221;0px||0px||true|false&#8221; custom_padding=&#8221;0px||0px||true|false&#8221; global_colors_info=&#8221;{}&#8221;][et_pb_column type=&#8221;4_4&#8243; _builder_version=&#8221;4.27.2&#8243; _module_preset=&#8221;default&#8221; global_colors_info=&#8221;{}&#8221;][et_pb_text _builder_version=&#8221;4.27.2&#8243; _module_preset=&#8221;default&#8221; global_colors_info=&#8221;{}&#8221;]<\/p>\n<p style=\"text-align: justify;\">Trata-se de uma rede constitu\u00edda por pesquisadores das seguintes institui\u00e7\u00f5es:<\/p>\n<p style=\"text-align: justify;\"><strong>Universidad de Buenos Aires<\/strong> (UBA, Argentina),<\/p>\n<p style=\"text-align: justify;\"><strong>Universidad Nacional de Salta<\/strong> (UNSa, Argentina),<\/p>\n<p style=\"text-align: justify;\"><strong>Universidad Distrital de Bogot\u00e1<\/strong> (UD, Col\u00f4mbia),<\/p>\n<p style=\"text-align: justify;\"><strong>Universit\u00e9 Paris VIII<\/strong> (Fran\u00e7a),<\/p>\n<p style=\"text-align: justify;\"><strong>Universidade Federal do Rio de Janeiro<\/strong> (UFRJ, Brasil),<\/p>\n<p style=\"text-align: justify;\"><strong>Universidade Federal Fluminense<\/strong> (UFF, Brasil),<\/p>\n<p style=\"text-align: justify;\"><strong>Universidad Aut\u00f3noma de M\u00e9xico<\/strong> (UNAM, M\u00e9xico).<\/p>\n<p style=\"text-align: justify;\">Sob a coordena\u00e7\u00e3o conjunta dos professores Paula Sibilia (UFF), Tadeu Capistrano (UFRJ), Rafael Mauricio M\u00e9ndez Bernal (UD) e Hern\u00e1n Ulm (UNSa), a rede iniciou suas atividades em 2012, com as primeiras reuni\u00f5es para discutir seu estatuto e seu plano de trabalho para os anos seguintes.<\/p>\n<p style=\"text-align: justify;\">Esta rede foi pensada como uma iniciativa com vistas a enriquecer as discuss\u00f5es em torno \u00e0s imagens e aos discursos sobre o corpo presentes nas artes e nas m\u00eddias contempor\u00e2neas, tecendo di\u00e1logos entre os diversos projetos de pesquisa de seus integrantes.<\/p>\n<p style=\"text-align: justify;\">Desde 2012, foram realizados alguns encontros internacionais, que decorreram em publica\u00e7\u00f5es conjuntas e outros interc\u00e2mbios.<\/p>\n<p style=\"text-align: justify;\">Entre eles, destacaram-se:<\/p>\n<p>[\/et_pb_text][\/et_pb_column][\/et_pb_row][\/et_pb_section][et_pb_section fb_built=&#8221;1&#8243; admin_label=&#8221;2024&#8243; _builder_version=&#8221;4.27.2&#8243; _module_preset=&#8221;default&#8221; background_color=&#8221;gcid-6c7d0226-7d00-4233-b6cb-ba10bc829a18&#8243; module_alignment=&#8221;center&#8221; custom_margin=&#8221;0px||0px||true|false&#8221; custom_padding=&#8221;1px||1px||true|false&#8221; collapsed=&#8221;off&#8221; global_colors_info=&#8221;{%22gcid-6c7d0226-7d00-4233-b6cb-ba10bc829a18%22:%91%22background_color%22%93}&#8221;][et_pb_row _builder_version=&#8221;4.27.2&#8243; _module_preset=&#8221;default&#8221; custom_margin=&#8221;25px||0px||false|false&#8221; custom_padding=&#8221;25px|25px|25px|25px|true|true&#8221; border_width_all=&#8221;1px&#8221; global_colors_info=&#8221;{}&#8221;][et_pb_column type=&#8221;4_4&#8243; _builder_version=&#8221;4.25.0&#8243; _module_preset=&#8221;default&#8221; global_colors_info=&#8221;{}&#8221;][et_pb_heading title=&#8221;Col\u00f3quio internacional %22Arte, Est\u00e9tica e Pol\u00edtica: Di\u00e1logos com Jacques Ranci\u00e8re%22.&#8221; admin_label=&#8221;Artigo&#8221; _builder_version=&#8221;4.27.2&#8243; _module_preset=&#8221;default&#8221; title_level=&#8221;h3&#8243; title_font=&#8221;Poppins||||||||&#8221; title_text_align=&#8221;justify&#8221; title_font_size=&#8221;17px&#8221; title_line_height=&#8221;1.5em&#8221; custom_margin=&#8221;0px||0px||true|false&#8221; custom_padding=&#8221;0px|0px|0px|0px|true|true&#8221; global_colors_info=&#8221;{}&#8221;][\/et_pb_heading][et_pb_text admin_label=&#8221;Editora&#8221; _builder_version=&#8221;4.27.2&#8243; _module_preset=&#8221;default&#8221; text_font=&#8221;||||||||&#8221; text_text_color=&#8221;#777777&#8243; text_line_height=&#8221;1.5em&#8221; custom_margin=&#8221;0px|0px|0px|0px|true|true&#8221; custom_padding=&#8221;0px|0px|0px|0px|false|true&#8221; locked=&#8221;off&#8221; global_colors_info=&#8221;{}&#8221;]<\/p>\n<div class=\"\" style=\"box-sizing: border-box;\">\n<div class=\" flex_vbox\" style=\"position: relative; display: block; -webkit-box-orient: vertical; flex-direction: column; margin-bottom: 3px; box-sizing: border-box;\">\n<div data-packed=\"false\" data-vertical-text=\"false\" data-min-height=\"auto\" class=\"s_usaAWRichTextClickableSkin\" style=\"width: 100%; height: auto; text-align: left; box-sizing: border-box; white-space: normal; min-height: auto;\">\n<p style=\"text-align: justify;\">Evento organizado por Tadeu Capistrano (EBA-UFRJ), Eric Lecerf (Univ. Paris 8) e Paula Sibilia (PPGCOM-UFF), com apoio do MAR (Museu de Arte do Rio) e das respectivas universidades, com a participa\u00e7\u00e3o de Jacques Ranci\u00e8re e de pesquisadores franceses, brasileiros e argentinos ligados \u00e0 Rede.<\/p>\n<p style=\"text-align: justify;\">IFCS-UFRJ e Pal\u00e1cio Capanema, Rio de Janeiro, 8 a 11 de outubro de 2012.<\/p>\n<\/div>\n<\/div>\n<\/div>\n<p>[\/et_pb_text][\/et_pb_column][\/et_pb_row][\/et_pb_section][et_pb_section fb_built=&#8221;1&#8243; admin_label=&#8221;2024&#8243; _builder_version=&#8221;4.27.2&#8243; _module_preset=&#8221;default&#8221; background_color=&#8221;#f4fbfb&#8221; module_alignment=&#8221;center&#8221; custom_margin=&#8221;0px||0px||true|false&#8221; custom_padding=&#8221;1px||1px||true|false&#8221; collapsed=&#8221;off&#8221; global_colors_info=&#8221;{}&#8221;][et_pb_row _builder_version=&#8221;4.27.2&#8243; _module_preset=&#8221;default&#8221; custom_margin=&#8221;25px||0px||false|false&#8221; custom_padding=&#8221;25px|25px|25px|25px|true|true&#8221; border_width_all=&#8221;1px&#8221; global_colors_info=&#8221;{}&#8221;][et_pb_column type=&#8221;4_4&#8243; _builder_version=&#8221;4.25.0&#8243; _module_preset=&#8221;default&#8221; global_colors_info=&#8221;{}&#8221;][et_pb_heading title=&#8221;Simp\u00f3sio internacional %22Imagens, sintomas e anacronismos%22.&#8221; admin_label=&#8221;Artigo&#8221; _builder_version=&#8221;4.27.2&#8243; _module_preset=&#8221;default&#8221; title_level=&#8221;h3&#8243; title_font=&#8221;Poppins||||||||&#8221; title_text_align=&#8221;justify&#8221; title_font_size=&#8221;17px&#8221; title_line_height=&#8221;1.5em&#8221; custom_margin=&#8221;0px||0px||true|false&#8221; custom_padding=&#8221;0px|0px|0px|0px|true|true&#8221; global_colors_info=&#8221;{}&#8221;][\/et_pb_heading][et_pb_text admin_label=&#8221;Editora&#8221; _builder_version=&#8221;4.27.2&#8243; _module_preset=&#8221;default&#8221; text_font=&#8221;||||||||&#8221; text_text_color=&#8221;#777777&#8243; text_line_height=&#8221;1.5em&#8221; custom_margin=&#8221;0px|0px|0px|0px|true|true&#8221; custom_padding=&#8221;0px|0px|0px|0px|false|true&#8221; locked=&#8221;off&#8221; global_colors_info=&#8221;{}&#8221;]<\/p>\n<div class=\"\" style=\"box-sizing: border-box;\">\n<div class=\" flex_vbox\" style=\"position: relative; display: block; -webkit-box-orient: vertical; flex-direction: column; margin-bottom: 3px; box-sizing: border-box;\">\n<div data-packed=\"false\" data-vertical-text=\"false\" data-min-height=\"auto\" class=\"s_usaAWRichTextClickableSkin\" style=\"width: 100%; height: auto; text-align: left; box-sizing: border-box; white-space: normal; min-height: auto;\">\n<p style=\"text-align: justify;\">Evento ligado ao projeto \u201cHist\u00f3rias de fantasmas para gente grande\u201d, organizado por Tadeu Capistrano (EBA-UFRJ) com a participa\u00e7\u00e3o de Georges Didi-Huberman e de v\u00e1rios pesquisadores da Rede.<\/p>\n<p style=\"text-align: justify;\">Museu de Arte do Rio (MAR), Rio de Janeiro, 28 e 29 de maio de 2013.<\/p>\n<\/div>\n<\/div>\n<\/div>\n<p>[\/et_pb_text][\/et_pb_column][\/et_pb_row][\/et_pb_section][et_pb_section fb_built=&#8221;1&#8243; admin_label=&#8221;2024&#8243; _builder_version=&#8221;4.27.2&#8243; _module_preset=&#8221;default&#8221; background_color=&#8221;#f4fbfb&#8221; module_alignment=&#8221;center&#8221; custom_margin=&#8221;0px||0px||true|false&#8221; custom_padding=&#8221;1px||1px||true|false&#8221; collapsed=&#8221;off&#8221; global_colors_info=&#8221;{}&#8221;][et_pb_row _builder_version=&#8221;4.27.2&#8243; _module_preset=&#8221;default&#8221; custom_margin=&#8221;25px||0px||false|false&#8221; custom_padding=&#8221;25px|25px|25px|25px|true|true&#8221; border_width_all=&#8221;1px&#8221; global_colors_info=&#8221;{}&#8221;][et_pb_column type=&#8221;4_4&#8243; _builder_version=&#8221;4.25.0&#8243; _module_preset=&#8221;default&#8221; global_colors_info=&#8221;{}&#8221;][et_pb_heading title=&#8221;Coloquio Internacional %22Perspectivas en torno al arte contempor\u00e1neo%22.&#8221; admin_label=&#8221;Artigo&#8221; _builder_version=&#8221;4.27.2&#8243; _module_preset=&#8221;default&#8221; title_level=&#8221;h3&#8243; title_font=&#8221;Poppins||||||||&#8221; title_text_align=&#8221;justify&#8221; title_font_size=&#8221;17px&#8221; title_line_height=&#8221;1.5em&#8221; custom_margin=&#8221;0px||0px||true|false&#8221; custom_padding=&#8221;0px|0px|0px|0px|true|true&#8221; global_colors_info=&#8221;{}&#8221;][\/et_pb_heading][et_pb_text admin_label=&#8221;Editora&#8221; _builder_version=&#8221;4.27.2&#8243; _module_preset=&#8221;default&#8221; text_font=&#8221;||||||||&#8221; text_text_color=&#8221;#777777&#8243; text_line_height=&#8221;1.5em&#8221; custom_margin=&#8221;0px|0px|0px|0px|true|true&#8221; custom_padding=&#8221;0px|0px|0px|0px|false|true&#8221; locked=&#8221;off&#8221; global_colors_info=&#8221;{}&#8221;]<\/p>\n<div class=\"\" style=\"box-sizing: border-box;\">\n<div class=\" flex_vbox\" style=\"position: relative; display: block; -webkit-box-orient: vertical; flex-direction: column; margin-bottom: 3px; box-sizing: border-box;\">\n<div data-packed=\"false\" data-vertical-text=\"false\" data-min-height=\"auto\" class=\"s_usaAWRichTextClickableSkin\" style=\"width: 100%; height: auto; text-align: left; box-sizing: border-box; white-space: normal; min-height: auto;\">\n<p style=\"text-align: justify;\">Evento organizado por Hern\u00e1n Ulm (UNSa), com apoio do Museo de Arte Contempor\u00e1neo de Salta, Argentina, e com a participa\u00e7\u00e3o de pesquisadores franceses, brasileiros, argentinos e colombianos ligados \u00e0 Rede.<\/p>\n<p style=\"text-align: justify;\">Museo de Arte Contempor\u00e1neo de Salta, Argentina, 3 a 5 de abril de 2013.<\/p>\n<\/div>\n<\/div>\n<\/div>\n<p>[\/et_pb_text][\/et_pb_column][\/et_pb_row][\/et_pb_section][et_pb_section fb_built=&#8221;1&#8243; admin_label=&#8221;2024&#8243; _builder_version=&#8221;4.27.2&#8243; _module_preset=&#8221;default&#8221; background_color=&#8221;#f4fbfb&#8221; module_alignment=&#8221;center&#8221; custom_margin=&#8221;0px||0px||true|false&#8221; custom_padding=&#8221;1px||1px||true|false&#8221; collapsed=&#8221;off&#8221; global_colors_info=&#8221;{}&#8221;][et_pb_row _builder_version=&#8221;4.27.2&#8243; _module_preset=&#8221;default&#8221; custom_margin=&#8221;25px||0px||false|false&#8221; custom_padding=&#8221;25px|25px|25px|25px|true|true&#8221; border_width_all=&#8221;1px&#8221; global_colors_info=&#8221;{}&#8221;][et_pb_column type=&#8221;4_4&#8243; _builder_version=&#8221;4.25.0&#8243; _module_preset=&#8221;default&#8221; global_colors_info=&#8221;{}&#8221;][et_pb_heading title=&#8221;6to Coloquio Internacional \u201cPerspectivas en torno al arte contempor\u00e1neo\u201d.&#8221; admin_label=&#8221;Artigo&#8221; _builder_version=&#8221;4.27.2&#8243; _module_preset=&#8221;default&#8221; title_level=&#8221;h3&#8243; title_font=&#8221;Poppins||||||||&#8221; title_text_align=&#8221;justify&#8221; title_font_size=&#8221;17px&#8221; title_line_height=&#8221;1.5em&#8221; custom_margin=&#8221;0px||0px||true|false&#8221; custom_padding=&#8221;0px|0px|0px|0px|true|true&#8221; global_colors_info=&#8221;{}&#8221;][\/et_pb_heading][et_pb_text admin_label=&#8221;Editora&#8221; _builder_version=&#8221;4.27.2&#8243; _module_preset=&#8221;default&#8221; text_font=&#8221;||||||||&#8221; text_text_color=&#8221;#777777&#8243; text_line_height=&#8221;1.5em&#8221; custom_margin=&#8221;0px|0px|0px|0px|true|true&#8221; custom_padding=&#8221;0px|0px|0px|0px|false|true&#8221; locked=&#8221;off&#8221; global_colors_info=&#8221;{}&#8221;]<\/p>\n<div class=\"\" style=\"box-sizing: border-box;\">\n<div class=\" flex_vbox\" style=\"position: relative; display: block; -webkit-box-orient: vertical; flex-direction: column; margin-bottom: 3px; box-sizing: border-box;\">\n<div data-packed=\"false\" data-vertical-text=\"false\" data-min-height=\"auto\" class=\"s_usaAWRichTextClickableSkin\" style=\"width: 100%; height: auto; text-align: left; box-sizing: border-box; white-space: normal; min-height: auto;\">\n<p style=\"text-align: justify;\">Evento organizado por Hern\u00e1n Ulm (UNSa), com apoio do Museo de Arte Contempor\u00e1neo de Salta, Argentina, e com a participa\u00e7\u00e3o de pesquisadores brasileiros e argentinos ligados \u00e0 Rede.<\/p>\n<p style=\"text-align: justify;\">Museo de Arte Contempor\u00e1neo de Salta, Argentina, 16 a 18 de maio de 2017.<\/p>\n<\/div>\n<\/div>\n<\/div>\n<p>[\/et_pb_text][\/et_pb_column][\/et_pb_row][\/et_pb_section][et_pb_section fb_built=&#8221;1&#8243; _builder_version=&#8221;4.25.0&#8243; _module_preset=&#8221;default&#8221; background_color=&#8221;#f4fbfb&#8221; locked=&#8221;off&#8221; collapsed=&#8221;on&#8221; global_colors_info=&#8221;{}&#8221;][et_pb_row _builder_version=&#8221;4.25.0&#8243; _module_preset=&#8221;default&#8221; global_colors_info=&#8221;{}&#8221;][et_pb_column type=&#8221;4_4&#8243; _builder_version=&#8221;4.25.0&#8243; _module_preset=&#8221;default&#8221; global_colors_info=&#8221;{}&#8221;][et_pb_divider show_divider=&#8221;off&#8221; _builder_version=&#8221;4.25.0&#8243; _module_preset=&#8221;default&#8221; global_colors_info=&#8221;{}&#8221;][\/et_pb_divider][\/et_pb_column][\/et_pb_row][\/et_pb_section]<\/p>\n","protected":false},"excerpt":{"rendered":"<p>Rede Internacional de Pesquisa ARTEM\u00cdDIATrata-se de uma rede constitu\u00edda por pesquisadores das seguintes institui\u00e7\u00f5es: Universidad de Buenos Aires (UBA, Argentina), Universidad Nacional de Salta (UNSa, Argentina), Universidad Distrital de Bogot\u00e1 (UD, Col\u00f4mbia), Universit\u00e9 Paris VIII (Fran\u00e7a), Universidade Federal do Rio de Janeiro (UFRJ, Brasil), Universidade Federal Fluminense (UFF, Brasil), Universidad Aut\u00f3noma de M\u00e9xico (UNAM, M\u00e9xico). [&hellip;]<\/p>\n","protected":false},"author":1,"featured_media":0,"parent":0,"menu_order":0,"comment_status":"closed","ping_status":"closed","template":"","meta":{"_et_pb_use_builder":"on","_et_pb_old_content":"<!-- wp:divi\/placeholder \/-->","_et_gb_content_width":"","footnotes":""},"class_list":["post-89","page","type-page","status-publish","hentry"],"_links":{"self":[{"href":"https:\/\/paulasibilia.com\/index.php\/wp-json\/wp\/v2\/pages\/89","targetHints":{"allow":["GET"]}}],"collection":[{"href":"https:\/\/paulasibilia.com\/index.php\/wp-json\/wp\/v2\/pages"}],"about":[{"href":"https:\/\/paulasibilia.com\/index.php\/wp-json\/wp\/v2\/types\/page"}],"author":[{"embeddable":true,"href":"https:\/\/paulasibilia.com\/index.php\/wp-json\/wp\/v2\/users\/1"}],"replies":[{"embeddable":true,"href":"https:\/\/paulasibilia.com\/index.php\/wp-json\/wp\/v2\/comments?post=89"}],"version-history":[{"count":11,"href":"https:\/\/paulasibilia.com\/index.php\/wp-json\/wp\/v2\/pages\/89\/revisions"}],"predecessor-version":[{"id":232937,"href":"https:\/\/paulasibilia.com\/index.php\/wp-json\/wp\/v2\/pages\/89\/revisions\/232937"}],"wp:attachment":[{"href":"https:\/\/paulasibilia.com\/index.php\/wp-json\/wp\/v2\/media?parent=89"}],"curies":[{"name":"wp","href":"https:\/\/api.w.org\/{rel}","templated":true}]}}