{"id":74,"date":"2024-04-09T15:35:57","date_gmt":"2024-04-09T18:35:57","guid":{"rendered":"https:\/\/paulasibilia2.lugarestudio.com.br\/?page_id=74"},"modified":"2024-10-30T20:23:31","modified_gmt":"2024-10-30T23:23:31","slug":"os-corpos-perfeitos-da-midia","status":"publish","type":"page","link":"https:\/\/paulasibilia.com\/index.php\/os-corpos-perfeitos-da-midia\/","title":{"rendered":"Os corpos perfeitos da M\u00eddia"},"content":{"rendered":"<p>[et_pb_section fb_built=&#8221;1&#8243; _builder_version=&#8221;4.27.2&#8243; _module_preset=&#8221;default&#8221; background_color=&#8221;rgba(0,0,0,0.7)&#8221; module_alignment=&#8221;center&#8221; custom_margin=&#8221;0px|0px|0px|0px|true|true&#8221; custom_padding=&#8221;0px|0px|0px|0px|true|true&#8221; sticky_position=&#8221;top&#8221; global_colors_info=&#8221;{}&#8221;][et_pb_row column_structure=&#8221;1_4,3_4&#8243; use_custom_gutter=&#8221;on&#8221; gutter_width=&#8221;1&#8243; make_equal=&#8221;on&#8221; _builder_version=&#8221;4.22.1&#8243; _module_preset=&#8221;default&#8221; width=&#8221;100%&#8221; max_width=&#8221;100%&#8221; module_alignment=&#8221;center&#8221; custom_margin=&#8221;0px|0px|0px|0px|true|true&#8221; custom_padding=&#8221;7px||7px||true|false&#8221; global_colors_info=&#8221;{}&#8221;][et_pb_column type=&#8221;1_4&#8243; _builder_version=&#8221;4.23.1&#8243; _module_preset=&#8221;default&#8221; custom_padding=&#8221;0px||0px||true|false&#8221; custom_css_main_element=&#8221;width:20%!important;&#8221; global_colors_info=&#8221;{}&#8221;][et_pb_image title_text=&#8221;M-E_logo_COR&#8221; url=&#8221;https:\/\/malestar2.lugarestudio.com.br\/inicio\/&#8221; align=&#8221;right&#8221; _builder_version=&#8221;4.22.1&#8243; _module_preset=&#8221;default&#8221; transform_translate_linked__sticky=&#8221;off&#8221; width=&#8221;65px&#8221; max_width=&#8221;65%&#8221; module_alignment=&#8221;center&#8221; custom_margin=&#8221;0px|0px|0px|0px|true|true&#8221; custom_padding=&#8221;0px|0px|0px|0px|true|true&#8221; global_colors_info=&#8221;{}&#8221; transform_styles__sticky_enabled=&#8221;off|desktop&#8221; transform_scale__sticky_enabled=&#8221;off|desktop&#8221; transform_translate__sticky_enabled=&#8221;off|desktop&#8221; transform_rotate__sticky_enabled=&#8221;off|desktop&#8221; transform_skew__sticky_enabled=&#8221;off|desktop&#8221; transform_origin__sticky_enabled=&#8221;off|desktop&#8221; transform_translate__sticky=&#8221;0px|-100%&#8221;][\/et_pb_image][\/et_pb_column][et_pb_column type=&#8221;3_4&#8243; _builder_version=&#8221;4.22.1&#8243; _module_preset=&#8221;default&#8221; background_color=&#8221;RGBA(255,255,255,0)&#8221; custom_css_main_element=&#8221;width:80%!important;&#8221; global_colors_info=&#8221;{}&#8221;][et_pb_menu menu_style=&#8221;centered&#8221; active_link_color=&#8221;#ffae00&#8243; dropdown_menu_bg_color=&#8221;rgba(0,0,0,0.7)&#8221; dropdown_menu_line_color=&#8221;RGBA(255,255,255,0)&#8221; dropdown_menu_text_color=&#8221;#FFFFFF&#8221; dropdown_menu_active_link_color=&#8221;#efa300&#8243; mobile_menu_bg_color=&#8221;rgba(0,0,0,0.7)&#8221; mobile_menu_text_color=&#8221;#FFFFFF&#8221; logo_width=&#8221;0%&#8221; logo_max_width=&#8221;0%&#8221; menu_icon_color=&#8221;#FFFFFF&#8221; menu_icon_font_size=&#8221;45px&#8221; module_class=&#8221;pa-menu-without-logo&#8221; _builder_version=&#8221;4.27.2&#8243; _module_preset=&#8221;default&#8221; menu_font=&#8221;Poppins|||on|||||&#8221; menu_text_color=&#8221;#FFFFFF&#8221; menu_font_size=&#8221;13px&#8221; menu_letter_spacing=&#8221;2px&#8221; menu_line_height=&#8221;1.9em&#8221; background_color=&#8221;RGBA(255,255,255,0)&#8221; background_layout=&#8221;dark&#8221; width=&#8221;100%&#8221; max_width=&#8221;100%&#8221; module_alignment=&#8221;right&#8221; custom_margin=&#8221;0px|0px|0px|0px|true|true&#8221; custom_padding=&#8221;0px|0px|0px|0px|true|true&#8221; custom_padding_tablet=&#8221;5px|5px|5px|500px|true|false&#8221; custom_padding_phone=&#8221;5px|25px|0px|250px|false|false&#8221; custom_padding_last_edited=&#8221;on|phone&#8221; border_color_all=&#8221;RGBA(255,255,255,0)&#8221; border_style_all=&#8221;none&#8221; global_colors_info=&#8221;{}&#8221;][\/et_pb_menu][\/et_pb_column][\/et_pb_row][\/et_pb_section][et_pb_section fb_built=&#8221;1&#8243; admin_label=&#8221;LIVROS&#8221; _builder_version=&#8221;4.27.2&#8243; _module_preset=&#8221;default&#8221; background_color=&#8221;rgba(147,117,45,0.84)&#8221; background_enable_image=&#8221;off&#8221; background_blend=&#8221;multiply&#8221; background_pattern_horizontal_offset=&#8221;-100%&#8221; background_pattern_vertical_offset=&#8221;100%&#8221; width=&#8221;100%&#8221; max_width=&#8221;100%&#8221; module_alignment=&#8221;center&#8221; max_height=&#8221;100%&#8221; custom_margin=&#8221;-55px||0px||false|false&#8221; mix_blend_mode=&#8221;multiply&#8221; locked=&#8221;off&#8221; collapsed=&#8221;off&#8221; global_colors_info=&#8221;{}&#8221;][et_pb_row column_structure=&#8221;2_3&#8243; _builder_version=&#8221;4.27.2&#8243; _module_preset=&#8221;default&#8221; custom_margin=&#8221;35px||||false|false&#8221; global_colors_info=&#8221;{}&#8221;][et_pb_column type=&#8221;2_3&#8243; _builder_version=&#8221;4.25.0&#8243; _module_preset=&#8221;default&#8221; global_colors_info=&#8221;{}&#8221;][et_pb_heading title=&#8221;PESQUISA&#8221; _builder_version=&#8221;4.27.2&#8243; _module_preset=&#8221;default&#8221; title_font=&#8221;Poppins|300|||||||&#8221; title_text_align=&#8221;left&#8221; title_text_color=&#8221;#FFFFFF&#8221; title_font_size=&#8221;60px&#8221; title_letter_spacing=&#8221;7px&#8221; title_text_shadow_style=&#8221;preset3&#8243; global_colors_info=&#8221;{}&#8221;][\/et_pb_heading][\/et_pb_column][\/et_pb_row][\/et_pb_section][et_pb_section fb_built=&#8221;1&#8243; _builder_version=&#8221;4.27.2&#8243; _module_preset=&#8221;default&#8221; background_color=&#8221;gcid-6c7d0226-7d00-4233-b6cb-ba10bc829a18&#8243; global_colors_info=&#8221;{%22gcid-6c7d0226-7d00-4233-b6cb-ba10bc829a18%22:%91%22background_color%22%93}&#8221;][et_pb_row _builder_version=&#8221;4.27.2&#8243; _module_preset=&#8221;default&#8221; custom_padding=&#8221;50px|0px|20px|0px|false|true&#8221; locked=&#8221;off&#8221; global_colors_info=&#8221;{}&#8221;][et_pb_column type=&#8221;4_4&#8243; _builder_version=&#8221;4.24.3&#8243; _module_preset=&#8221;default&#8221; custom_padding=&#8221;|100px|||false|false&#8221; global_colors_info=&#8221;{}&#8221;][et_pb_text _builder_version=&#8221;4.27.2&#8243; _module_preset=&#8221;default&#8221; text_font=&#8221;&#8211;et_global_body_font|300|||||||&#8221; header_font=&#8221;Poppins|300||on|||||&#8221; header_text_color=&#8221;#000000&#8243; header_font_size=&#8221;32px&#8221; header_line_height=&#8221;0.9em&#8221; custom_margin=&#8221;0px||0px||false|false&#8221; custom_padding=&#8221;0px||5px||false|false&#8221; global_colors_info=&#8221;{}&#8221;]<\/p>\n<h1>Os corpos perfeitos da m\u00eddia e a moral da boa forma<\/h1>\n<p>[\/et_pb_text][et_pb_heading title=&#8221;Paradoxos da sa\u00fade, da beleza e da juventude nas experi\u00eancias corporais contempor\u00e2neas&#8221; _builder_version=&#8221;4.27.2&#8243; _module_preset=&#8221;default&#8221; title_level=&#8221;h3&#8243; title_font=&#8221;Poppins|||on|||||&#8221; title_text_align=&#8221;left&#8221; title_text_color=&#8221;#6d5400&#8243; title_font_size=&#8221;17px&#8221; title_letter_spacing=&#8221;1px&#8221; title_line_height=&#8221;1.5em&#8221; custom_margin=&#8221;0px||0px||true|false&#8221; custom_padding=&#8221;0px||0px||true|false&#8221; locked=&#8221;off&#8221; global_colors_info=&#8221;{}&#8221;][\/et_pb_heading][\/et_pb_column][\/et_pb_row][et_pb_row _builder_version=&#8221;4.27.2&#8243; _module_preset=&#8221;default&#8221; custom_padding=&#8221;20px|0px|20px|0px|false|true&#8221; global_colors_info=&#8221;{}&#8221;][et_pb_column type=&#8221;4_4&#8243; _builder_version=&#8221;4.24.3&#8243; _module_preset=&#8221;default&#8221; global_colors_info=&#8221;{}&#8221;][et_pb_text _builder_version=&#8221;4.27.2&#8243; _module_preset=&#8221;default&#8221; text_orientation=&#8221;justified&#8221; global_colors_info=&#8221;{}&#8221;]<\/p>\n<p style=\"text-align: justify;\">Este projeto se prop\u00f5e a investigar as transforma\u00e7\u00f5es nas viv\u00eancias da condi\u00e7\u00e3o encorpada na sociedade ocidental contempor\u00e2nea &#8211; especialmente no contexto brasileiro e, em particular, no Rio de Janeiro &#8211; focalizando a influ\u00eancia da m\u00eddia nas experi\u00eancias e nas pr\u00e1ticas corporais. Por um lado, hoje o corpo ocupa o centro da cena, inspirando todos os cuidados que implica a devo\u00e7\u00e3o \u00e0s boas formas e ao bem-estar corporal. Por outro lado, tamb\u00e9m se v\u00ea extremamente constrangido por um conjunto de cren\u00e7as e valores que parecem desprezar sua condi\u00e7\u00e3o org\u00e2nica e carnal, tais como os mitos da beleza, da sa\u00fade, da magreza e da juventude. Trata-se, portanto, de um corpo que \u00e9 adorado e trabalhado como imagem e, ao mesmo tempo, \u00e9 rejeitado em sua materialidade org\u00e2nica. O papel dos meios de comunica\u00e7\u00e3o nesses processos \u00e9 fundamental, numa alian\u00e7a t\u00e1cita com o mercado e a tecnoci\u00eancia, pois a incessante irradia\u00e7\u00e3o de imagens e discursos midi\u00e1ticos contribui para a dissemina\u00e7\u00e3o dos padr\u00f5es corporais hegem\u00f4nicos, al\u00e9m de divulgar o cat\u00e1logo de t\u00e9cnicas, produtos e servi\u00e7os dispon\u00edveis para atingi-los, bem como a cartilha de riscos e implica\u00e7\u00f5es morais que decorrem da sua \u201cinadequa\u00e7\u00e3o\u201d. O objetivo desta pesquisa consiste em estudar os diversos vetores que confluem nesse aparente paradoxo do estatuto do corpo humano na contemporaneidade, visando a compreender seus desdobramentos e sentidos, al\u00e9m de definir linhas de a\u00e7\u00e3o. Os adolescentes, estudantes do ensino m\u00e9dio nas escolas p\u00fablicas do Rio de Janeiro, s\u00e3o o p\u00fablico-alvo mais vulner\u00e1vel na exposi\u00e7\u00e3o a esses discursos e, portanto, o mais importante de ser atingido por meio de estrat\u00e9gias midi\u00e1ticopedag\u00f3gicas que visem a fomentar o debate.<\/p>\n<p>[\/et_pb_text][\/et_pb_column][\/et_pb_row][\/et_pb_section][et_pb_section fb_built=&#8221;1&#8243; _builder_version=&#8221;4.27.2&#8243; _module_preset=&#8221;default&#8221; background_color=&#8221;gcid-6c7d0226-7d00-4233-b6cb-ba10bc829a18&#8243; custom_margin=&#8221;0px||0px||true|false&#8221; custom_padding=&#8221;0px||100px||false|false&#8221; locked=&#8221;off&#8221; global_colors_info=&#8221;{%22gcid-6c7d0226-7d00-4233-b6cb-ba10bc829a18%22:%91%22background_color%22%93,%22gcid-ab8e6ac0-852e-45e7-bc70-9a14b82e0fb9%22:%91%22background_color%22%93}&#8221;][\/et_pb_section][et_pb_section fb_built=&#8221;1&#8243; _builder_version=&#8221;4.27.2&#8243; _module_preset=&#8221;default&#8221; background_color=&#8221;#351514&#8243; width=&#8221;100%&#8221; max_width=&#8221;100%&#8221; module_alignment=&#8221;center&#8221; global_colors_info=&#8221;{}&#8221;][et_pb_row make_equal=&#8221;on&#8221; _builder_version=&#8221;4.23.1&#8243; _module_preset=&#8221;default&#8221; width=&#8221;100%&#8221; max_width=&#8221;100%&#8221; module_alignment=&#8221;center&#8221; custom_padding=&#8221;0px|0px|0px|0px|true|true&#8221; global_colors_info=&#8221;{}&#8221;][et_pb_column type=&#8221;4_4&#8243; _builder_version=&#8221;4.23.1&#8243; _module_preset=&#8221;default&#8221; global_colors_info=&#8221;{}&#8221;][et_pb_image src=&#8221;https:\/\/paulasibilia.com\/wp-content\/uploads\/2024\/10\/SIBILIA_LOGOS-regua_DESKTOP.png&#8221; title_text=&#8221;SIBILIA_LOGOS-regua_CELULAR&#8221; align=&#8221;center&#8221; src_tablet=&#8221;https:\/\/paulasibilia.com\/wp-content\/uploads\/2024\/10\/SIBILIA_LOGOS-regua_DESKTOP.png&#8221; src_phone=&#8221;https:\/\/paulasibilia.com\/wp-content\/uploads\/2024\/10\/SIBILIA_LOGOS-regua_CELULAR.png&#8221; src_last_edited=&#8221;on|phone&#8221; _builder_version=&#8221;4.27.2&#8243; _module_preset=&#8221;default&#8221; width=&#8221;90%&#8221; width_tablet=&#8221;100%&#8221; width_phone=&#8221;100%&#8221; width_last_edited=&#8221;on|desktop&#8221; max_width=&#8221;90%&#8221; max_width_tablet=&#8221;100%&#8221; max_width_phone=&#8221;100%&#8221; max_width_last_edited=&#8221;on|desktop&#8221; module_alignment=&#8221;center&#8221; custom_margin=&#8221;0px||0px||true|false&#8221; custom_padding=&#8221;0px|200px|0px|200px|false|true&#8221; custom_padding_tablet=&#8221;0px|0px|5px|0px|false|true&#8221; custom_padding_phone=&#8221;0px|0px|7px|0px|false|true&#8221; custom_padding_last_edited=&#8221;on|desktop&#8221; global_colors_info=&#8221;{}&#8221;][\/et_pb_image][\/et_pb_column][\/et_pb_row][\/et_pb_section]<\/p>\n","protected":false},"excerpt":{"rendered":"<p>Os corpos perfeitos da m\u00eddia e a moral da boa formaEste projeto se prop\u00f5e a investigar as transforma\u00e7\u00f5es nas viv\u00eancias da condi\u00e7\u00e3o encorpada na sociedade ocidental contempor\u00e2nea &#8211; especialmente no contexto brasileiro e, em particular, no Rio de Janeiro &#8211; focalizando a influ\u00eancia da m\u00eddia nas experi\u00eancias e nas pr\u00e1ticas corporais. Por um lado, hoje [&hellip;]<\/p>\n","protected":false},"author":1,"featured_media":0,"parent":0,"menu_order":0,"comment_status":"closed","ping_status":"closed","template":"","meta":{"_et_pb_use_builder":"on","_et_pb_old_content":"<!-- wp:divi\/placeholder \/-->","_et_gb_content_width":"","footnotes":""},"class_list":["post-74","page","type-page","status-publish","hentry"],"_links":{"self":[{"href":"https:\/\/paulasibilia.com\/index.php\/wp-json\/wp\/v2\/pages\/74","targetHints":{"allow":["GET"]}}],"collection":[{"href":"https:\/\/paulasibilia.com\/index.php\/wp-json\/wp\/v2\/pages"}],"about":[{"href":"https:\/\/paulasibilia.com\/index.php\/wp-json\/wp\/v2\/types\/page"}],"author":[{"embeddable":true,"href":"https:\/\/paulasibilia.com\/index.php\/wp-json\/wp\/v2\/users\/1"}],"replies":[{"embeddable":true,"href":"https:\/\/paulasibilia.com\/index.php\/wp-json\/wp\/v2\/comments?post=74"}],"version-history":[{"count":11,"href":"https:\/\/paulasibilia.com\/index.php\/wp-json\/wp\/v2\/pages\/74\/revisions"}],"predecessor-version":[{"id":232966,"href":"https:\/\/paulasibilia.com\/index.php\/wp-json\/wp\/v2\/pages\/74\/revisions\/232966"}],"wp:attachment":[{"href":"https:\/\/paulasibilia.com\/index.php\/wp-json\/wp\/v2\/media?parent=74"}],"curies":[{"name":"wp","href":"https:\/\/api.w.org\/{rel}","templated":true}]}}