{"id":232967,"date":"2024-10-30T21:52:31","date_gmt":"2024-10-31T00:52:31","guid":{"rendered":"https:\/\/paulasibilia2.lugarestudio.com.br\/?page_id=232967"},"modified":"2024-10-30T22:17:06","modified_gmt":"2024-10-31T01:17:06","slug":"da-hipocrisia-aos-cinismos","status":"publish","type":"page","link":"https:\/\/paulasibilia.com\/index.php\/da-hipocrisia-aos-cinismos\/","title":{"rendered":"Da Hipocrisia aos cinismos"},"content":{"rendered":"<p>[et_pb_section fb_built=&#8221;1&#8243; admin_label=&#8221;LIVROS&#8221; _builder_version=&#8221;4.27.2&#8243; _module_preset=&#8221;default&#8221; background_color=&#8221;rgba(21,63,33,0.72)&#8221; background_enable_image=&#8221;off&#8221; background_blend=&#8221;multiply&#8221; background_pattern_horizontal_offset=&#8221;-100%&#8221; background_pattern_vertical_offset=&#8221;100%&#8221; width=&#8221;100%&#8221; max_width=&#8221;100%&#8221; module_alignment=&#8221;center&#8221; max_height=&#8221;100%&#8221; custom_margin=&#8221;-55px||0px||false|false&#8221; mix_blend_mode=&#8221;multiply&#8221; hover_enabled=&#8221;0&#8243; locked=&#8221;off&#8221; collapsed=&#8221;off&#8221; global_colors_info=&#8221;{}&#8221; sticky_enabled=&#8221;0&#8243;][et_pb_row column_structure=&#8221;2_3&#8243; _builder_version=&#8221;4.27.2&#8243; _module_preset=&#8221;default&#8221; custom_margin=&#8221;35px||||false|false&#8221; global_colors_info=&#8221;{}&#8221;][et_pb_column type=&#8221;2_3&#8243; _builder_version=&#8221;4.25.0&#8243; _module_preset=&#8221;default&#8221; global_colors_info=&#8221;{}&#8221;][et_pb_heading title=&#8221;PESQUISA&#8221; _builder_version=&#8221;4.27.2&#8243; _module_preset=&#8221;default&#8221; title_font=&#8221;Poppins|300|||||||&#8221; title_text_align=&#8221;left&#8221; title_text_color=&#8221;#FFFFFF&#8221; title_font_size=&#8221;60px&#8221; title_letter_spacing=&#8221;7px&#8221; title_text_shadow_style=&#8221;preset3&#8243; global_colors_info=&#8221;{}&#8221;][\/et_pb_heading][\/et_pb_column][\/et_pb_row][\/et_pb_section][et_pb_section fb_built=&#8221;1&#8243; _builder_version=&#8221;4.27.2&#8243; _module_preset=&#8221;default&#8221; background_color=&#8221;gcid-6c7d0226-7d00-4233-b6cb-ba10bc829a18&#8243; custom_padding=&#8221;30px||35px||false|false&#8221; global_colors_info=&#8221;{%22gcid-6c7d0226-7d00-4233-b6cb-ba10bc829a18%22:%91%22background_color%22%93}&#8221;][et_pb_row _builder_version=&#8221;4.27.2&#8243; _module_preset=&#8221;default&#8221; custom_padding=&#8221;30px|0px|0px|0px|false|true&#8221; locked=&#8221;off&#8221; global_colors_info=&#8221;{}&#8221;][et_pb_column type=&#8221;4_4&#8243; _builder_version=&#8221;4.24.3&#8243; _module_preset=&#8221;default&#8221; custom_padding=&#8221;|100px|||false|false&#8221; global_colors_info=&#8221;{}&#8221;][et_pb_heading title=&#8221;Da Hipocrisia aos cinismos&#8221; _builder_version=&#8221;4.27.2&#8243; _module_preset=&#8221;default&#8221; title_font=&#8221;Poppins|300||on|||||&#8221; title_text_color=&#8221;#000000&#8243; title_font_size=&#8221;35px&#8221; title_line_height=&#8221;1.3em&#8221; custom_margin=&#8221;0px||0px||true|false&#8221; custom_padding=&#8221;5px|0px|0px|0px|false|true&#8221; global_colors_info=&#8221;{}&#8221;][\/et_pb_heading][et_pb_heading title=&#8221;transforma\u00e7\u00f5es no %22solo moral%22 contempor\u00e2neo&#8221; _builder_version=&#8221;4.27.2&#8243; _module_preset=&#8221;default&#8221; title_level=&#8221;h3&#8243; title_font=&#8221;Poppins|||on|||||&#8221; title_text_align=&#8221;left&#8221; title_text_color=&#8221;#6d5400&#8243; title_font_size=&#8221;19px&#8221; title_letter_spacing=&#8221;1px&#8221; title_line_height=&#8221;1.5em&#8221; custom_margin=&#8221;0px||0px||true|false&#8221; custom_padding=&#8221;0px||0px||true|false&#8221; global_colors_info=&#8221;{}&#8221;][\/et_pb_heading][\/et_pb_column][\/et_pb_row][et_pb_row _builder_version=&#8221;4.27.2&#8243; _module_preset=&#8221;default&#8221; custom_padding=&#8221;20px|0px|20px|0px|false|true&#8221; global_colors_info=&#8221;{}&#8221;][et_pb_column type=&#8221;4_4&#8243; _builder_version=&#8221;4.24.3&#8243; _module_preset=&#8221;default&#8221; global_colors_info=&#8221;{}&#8221;][et_pb_text _builder_version=&#8221;4.27.2&#8243; _module_preset=&#8221;default&#8221; text_orientation=&#8221;justified&#8221; global_colors_info=&#8221;{}&#8221;]<\/p>\n<p style=\"text-align: justify;\">Esta pesquisa se prop\u00f5e a enfocar certas metamorfoses nos valores que comp\u00f5em a moralidade contempor\u00e2nea, enfocando algumas de suas manifesta\u00e7\u00f5es mais sintom\u00e1ticas. A inten\u00e7\u00e3o \u00e9 examinar o substrato sobre o qual alguns fen\u00f4menos comunicacionais, bem disruptivos e caracter\u00edsticos de nossa \u00e9poca, t\u00eam conseguido emergir. A hip\u00f3tese central \u00e9 que estar\u00edamos vivenciando, atualmente, certos deslocamentos no \u201csolo moral\u201d que serve de base \u00e0s pr\u00e1ticas comunicativas e \u00e0s subjetividades contempor\u00e2neas, assinalando mudan\u00e7as significativas nos valores e cren\u00e7as em vigor. Conforme constatamos nos diversos campos espec\u00edficos examinados at\u00e9 agora, encontra-se em franco decl\u00ednio a c\u00e9lebre \u201chipocrisia burguesa\u201d que norteou as revolu\u00e7\u00f5es industriais, com seus \u00edmpetos disciplinares e suas institui\u00e7\u00f5es p\u00fablicas seculares. Entre os escombros dessa crise generalizada do projeto modernizador, colonialista e industrializador, t\u00eam brotado novas vozes antes silenciadas (e ainda discriminadas em termos de classe, g\u00eanero, ra\u00e7a, etc.), reivindicando direitos e denunciando opress\u00f5es. Nesse mesmo terreno, por\u00e9m, tamb\u00e9m est\u00e3o germinando certos \u201ccinismos\u201d afinados com o ide\u00e1rio neoliberal em sintonia com novos autoritarismos, que desprezam os antigos consensos acerca do \u201cbem comum\u201d e da democracia, priorizando as liberdades individuais em termos mercadol\u00f3gicos e uma legitima\u00e7\u00e3o in\u00e9dita da viol\u00eancia expl\u00edcita. Entre muitos outros sintomas desta complexa transforma\u00e7\u00e3o hist\u00f3rica, cabe mencionar os negacionismos cient\u00edficos, as <em>fake news<\/em> e a \u201cp\u00f3s-verdade\u201d, bem como os <em>trolls<\/em> e os <em>haters<\/em> da internet, que t\u00eam dominado as pr\u00e1ticas comunicacionais contempor\u00e2neas e amea\u00e7am sacudir todas as certezas.<\/p>\n<p style=\"text-align: justify;\">[\/et_pb_text][et_pb_text _builder_version=&#8221;4.27.2&#8243; _module_preset=&#8221;default&#8221; text_font=&#8221;Poppins|500|||||||&#8221; text_font_size=&#8221;13px&#8221; text_orientation=&#8221;justified&#8221; custom_margin=&#8221;0px||0px||true|false&#8221; custom_padding=&#8221;50px||0px||false|false&#8221; locked=&#8221;off&#8221; global_colors_info=&#8221;{}&#8221;]<\/p>\n<p style=\"text-align: justify;\">Projeto desenvolvido com apoio do CNPq (Bolsa de Produtividade em Pesquisa, 2022-2026).<\/p>\n<p>[\/et_pb_text][\/et_pb_column][\/et_pb_row][\/et_pb_section][et_pb_section fb_built=&#8221;1&#8243; _builder_version=&#8221;4.27.2&#8243; _module_preset=&#8221;default&#8221; background_color=&#8221;gcid-6c7d0226-7d00-4233-b6cb-ba10bc829a18&#8243; custom_margin=&#8221;0px||0px||true|false&#8221; custom_padding=&#8221;0px||100px||false|false&#8221; global_colors_info=&#8221;{%22gcid-6c7d0226-7d00-4233-b6cb-ba10bc829a18%22:%91%22background_color%22%93,%22gcid-ab8e6ac0-852e-45e7-bc70-9a14b82e0fb9%22:%91%22background_color%22%93}&#8221;][\/et_pb_section]<\/p>\n","protected":false},"excerpt":{"rendered":"<p>Esta pesquisa se prop\u00f5e a enfocar certas metamorfoses nos valores que comp\u00f5em a moralidade contempor\u00e2nea, enfocando algumas de suas manifesta\u00e7\u00f5es mais sintom\u00e1ticas. A inten\u00e7\u00e3o \u00e9 examinar o substrato sobre o qual alguns fen\u00f4menos comunicacionais, bem disruptivos e caracter\u00edsticos de nossa \u00e9poca, t\u00eam conseguido emergir. A hip\u00f3tese central \u00e9 que estar\u00edamos vivenciando, atualmente, certos deslocamentos no [&hellip;]<\/p>\n","protected":false},"author":1,"featured_media":0,"parent":0,"menu_order":0,"comment_status":"closed","ping_status":"closed","template":"","meta":{"_et_pb_use_builder":"on","_et_pb_old_content":"","_et_gb_content_width":"","footnotes":""},"class_list":["post-232967","page","type-page","status-publish","hentry"],"_links":{"self":[{"href":"https:\/\/paulasibilia.com\/index.php\/wp-json\/wp\/v2\/pages\/232967","targetHints":{"allow":["GET"]}}],"collection":[{"href":"https:\/\/paulasibilia.com\/index.php\/wp-json\/wp\/v2\/pages"}],"about":[{"href":"https:\/\/paulasibilia.com\/index.php\/wp-json\/wp\/v2\/types\/page"}],"author":[{"embeddable":true,"href":"https:\/\/paulasibilia.com\/index.php\/wp-json\/wp\/v2\/users\/1"}],"replies":[{"embeddable":true,"href":"https:\/\/paulasibilia.com\/index.php\/wp-json\/wp\/v2\/comments?post=232967"}],"version-history":[{"count":4,"href":"https:\/\/paulasibilia.com\/index.php\/wp-json\/wp\/v2\/pages\/232967\/revisions"}],"predecessor-version":[{"id":232978,"href":"https:\/\/paulasibilia.com\/index.php\/wp-json\/wp\/v2\/pages\/232967\/revisions\/232978"}],"wp:attachment":[{"href":"https:\/\/paulasibilia.com\/index.php\/wp-json\/wp\/v2\/media?parent=232967"}],"curies":[{"name":"wp","href":"https:\/\/api.w.org\/{rel}","templated":true}]}}