{"id":1295,"date":"2024-10-28T01:24:34","date_gmt":"2024-10-28T04:24:34","guid":{"rendered":"https:\/\/paulasibilia2.lugarestudio.com.br\/?page_id=1295"},"modified":"2024-10-28T02:45:33","modified_gmt":"2024-10-28T05:45:33","slug":"o-mal-estar-no-seculo-xxi-seminario-2024","status":"publish","type":"page","link":"https:\/\/paulasibilia.com\/index.php\/o-mal-estar-no-seculo-xxi-seminario-2024\/","title":{"rendered":"O mal-estar no s\u00e9culo XXI (Semin\u00e1rio 2024)"},"content":{"rendered":"<p>[et_pb_section fb_built=&#8221;1&#8243; admin_label=&#8221;CAPITULOS&#8221; _builder_version=&#8221;4.27.2&#8243; _module_preset=&#8221;default&#8221; background_color=&#8221;#7f3434&#8243; background_image=&#8221;https:\/\/paulasibilia.com\/wp-content\/uploads\/2024\/04\/PS_livros2.jpg&#8221; background_blend=&#8221;multiply&#8221; background_pattern_horizontal_offset=&#8221;-100%&#8221; background_pattern_vertical_offset=&#8221;100%&#8221; width=&#8221;100%&#8221; max_width=&#8221;100%&#8221; module_alignment=&#8221;center&#8221; max_height=&#8221;100%&#8221; custom_margin=&#8221;-55px||0px||false|false&#8221; mix_blend_mode=&#8221;multiply&#8221; collapsed=&#8221;on&#8221; global_colors_info=&#8221;{}&#8221;][et_pb_row _builder_version=&#8221;4.25.0&#8243; _module_preset=&#8221;default&#8221; custom_margin=&#8221;35px||||false|false&#8221; global_colors_info=&#8221;{}&#8221;][et_pb_column type=&#8221;4_4&#8243; _builder_version=&#8221;4.25.0&#8243; _module_preset=&#8221;default&#8221; global_colors_info=&#8221;{}&#8221;][et_pb_heading title=&#8221;Eventos organizados&#8221; _builder_version=&#8221;4.27.2&#8243; _module_preset=&#8221;default&#8221; title_font=&#8221;Poppins|300||on|||||&#8221; title_text_align=&#8221;left&#8221; title_text_color=&#8221;#FFFFFF&#8221; title_font_size=&#8221;60px&#8221; title_letter_spacing=&#8221;7px&#8221; hover_enabled=&#8221;0&#8243; title_text_shadow_style=&#8221;preset3&#8243; global_colors_info=&#8221;{}&#8221; sticky_enabled=&#8221;0&#8243;][\/et_pb_heading][\/et_pb_column][\/et_pb_row][\/et_pb_section][et_pb_section fb_built=&#8221;1&#8243; admin_label=&#8221;Divisor-espa\u00e7o&#8221; _builder_version=&#8221;4.25.0&#8243; _module_preset=&#8221;default&#8221; background_color=&#8221;#f4fbfb&#8221; module_alignment=&#8221;center&#8221; custom_margin=&#8221;0px||0px||true|false&#8221; custom_padding=&#8221;0px||0px||true|false&#8221; collapsed=&#8221;off&#8221; global_colors_info=&#8221;{}&#8221;][et_pb_row _builder_version=&#8221;4.25.0&#8243; _module_preset=&#8221;default&#8221; width=&#8221;100%&#8221; module_alignment=&#8221;center&#8221; custom_margin=&#8221;0px|0px|0px|0px|true|true&#8221; custom_padding=&#8221;5px||5px||true|false&#8221; global_colors_info=&#8221;{}&#8221;][et_pb_column type=&#8221;4_4&#8243; _builder_version=&#8221;4.25.0&#8243; _module_preset=&#8221;default&#8221; global_colors_info=&#8221;{}&#8221;][et_pb_divider show_divider=&#8221;off&#8221; _builder_version=&#8221;4.25.0&#8243; _module_preset=&#8221;default&#8221; module_alignment=&#8221;center&#8221; max_height=&#8221;0px&#8221; custom_margin=&#8221;0px||0px||true|false&#8221; custom_padding=&#8221;0px||0px||true|false&#8221; global_colors_info=&#8221;{}&#8221;][\/et_pb_divider][\/et_pb_column][\/et_pb_row][\/et_pb_section][et_pb_section fb_built=&#8221;1&#8243; _builder_version=&#8221;4.27.2&#8243; _module_preset=&#8221;default&#8221; background_color=&#8221;gcid-6c7d0226-7d00-4233-b6cb-ba10bc829a18&#8243; custom_margin=&#8221;0px||0px||true|false&#8221; custom_padding=&#8221;100px||100px||true|false&#8221; global_colors_info=&#8221;{%22gcid-6c7d0226-7d00-4233-b6cb-ba10bc829a18%22:%91%22background_color%22%93}&#8221;][et_pb_row column_structure=&#8221;1_3,2_3&#8243; use_custom_gutter=&#8221;on&#8221; gutter_width=&#8221;2&#8243; _builder_version=&#8221;4.27.2&#8243; _module_preset=&#8221;default&#8221; custom_margin=&#8221;0px||0px||true|false&#8221; custom_padding=&#8221;0px||0px||true|false&#8221; hover_enabled=&#8221;0&#8243; global_colors_info=&#8221;{}&#8221; sticky_enabled=&#8221;0&#8243;][et_pb_column type=&#8221;1_3&#8243; _builder_version=&#8221;4.27.2&#8243; _module_preset=&#8221;default&#8221; global_colors_info=&#8221;{}&#8221;][et_pb_image src=&#8221;https:\/\/paulasibilia.com\/wp-content\/uploads\/2024\/10\/ME21.jpg&#8221; title_text=&#8221;ME21&#8243; module_class=&#8221;pa-full-height-image-column&#8221; _builder_version=&#8221;4.27.2&#8243; _module_preset=&#8221;default&#8221; custom_css_free_form=&#8221;\/*this sets the height of the image module*\/||.pa-full-height-image-column {||\theight: 100%;||}||||\/*this sets the height of the image container*\/||||.pa-full-height-image-column .et_pb_image_wrap {||\theight: 100%;||}||||\/*this sets the height and fit of the actual image*\/||.pa-full-height-image-column img {||\tobject-fit: cover;||\theight: 100%;||}&#8221; global_colors_info=&#8221;{}&#8221;][\/et_pb_image][\/et_pb_column][et_pb_column type=&#8221;2_3&#8243; _builder_version=&#8221;4.27.2&#8243; _module_preset=&#8221;default&#8221; global_colors_info=&#8221;{}&#8221;][et_pb_heading title=&#8221;Semin\u00e1rio O mal-estar no s\u00e9culo XXI (2024)&#8221; _builder_version=&#8221;4.27.2&#8243; _module_preset=&#8221;default&#8221; title_level=&#8221;h3&#8243; title_font=&#8221;Poppins|||on|||||&#8221; title_font_size=&#8221;20px&#8221; title_line_height=&#8221;1.3em&#8221; custom_margin=&#8221;0px||0px||true|false&#8221; custom_padding=&#8221;0px|0px|0px|0px|true|true&#8221; hover_enabled=&#8221;0&#8243; global_colors_info=&#8221;{}&#8221; sticky_enabled=&#8221;0&#8243;][\/et_pb_heading][et_pb_heading title=&#8221;transforma\u00e7\u00f5es nos modos de sofrer&#8221; admin_label=&#8221;subt\u00edtulo&#8221; _builder_version=&#8221;4.27.2&#8243; _module_preset=&#8221;default&#8221; title_level=&#8221;h3&#8243; title_font=&#8221;Poppins|||on|||||&#8221; title_text_align=&#8221;left&#8221; title_text_color=&#8221;#b28b00&#8243; title_font_size=&#8221;16px&#8221; title_line_height=&#8221;1.5em&#8221; custom_margin=&#8221;0px||0px||true|false&#8221; custom_padding=&#8221;0px||0px||true|false&#8221; locked=&#8221;off&#8221; global_colors_info=&#8221;{}&#8221;][\/et_pb_heading][et_pb_heading title=&#8221;Rio de Janeiro &#8211; 24 a 27 de setembro de 2024&#8243; admin_label=&#8221;subt\u00edtulo&#8221; _builder_version=&#8221;4.27.2&#8243; _module_preset=&#8221;default&#8221; title_level=&#8221;h3&#8243; title_font=&#8221;Poppins|&#8211;et_global_body_font_weight|||||||&#8221; title_text_align=&#8221;left&#8221; title_text_color=&#8221;#000000&#8243; title_font_size=&#8221;15px&#8221; title_line_height=&#8221;1.5em&#8221; custom_margin=&#8221;0px||0px||true|false&#8221; custom_padding=&#8221;0px||0px||true|false&#8221; locked=&#8221;off&#8221; global_colors_info=&#8221;{}&#8221;][\/et_pb_heading][et_pb_text _builder_version=&#8221;4.27.2&#8243; _module_preset=&#8221;default&#8221; text_orientation=&#8221;justified&#8221; custom_padding=&#8221;20px||15px||false|false&#8221; global_colors_info=&#8221;{}&#8221;]<\/p>\n<p style=\"text-align: justify;\">Este encontro interdisciplinar re\u00fane pesquisadores de forma\u00e7\u00f5es variadas, tanto nacionais como estrangeiros, que v\u00eam refletindo com ousadia a respeito do erotismo na contemporaneidade.<\/p>\n<p style=\"text-align: justify;\">Nas \u00faltimas d\u00e9cadas, um conjunto de transforma\u00e7\u00f5es hist\u00f3ricas est\u00e3o afetando os modos com que nos vinculamos aos outros. Ao convocar essas duas figuras m\u00edticas da nossa tradi\u00e7\u00e3o ocidental, Eros e Dion\u00edsio, pretendemos explorar este assunto t\u00e3o complexo como instigante, que suscita interesse em diversas \u00e1reas de conhecimento, com foco especial na comunica\u00e7\u00e3o, em di\u00e1logo com a antropologia, a psicologia, a filosofia e as artes.<\/p>\n<p style=\"text-align: justify;\">O Semin\u00e1rio Internacional \u201cEros e Dion\u00edsio: amor e sexualidade na cultura contempor\u00e2nea\u201d, organizado por Paula Sibilia e Marianna Ferreira Jorge, \u00e9 uma iniciativa do Programa de P\u00f3s-gradua\u00e7\u00e3o em Comunica\u00e7\u00e3o (PPGCOM) da Universidade Federal Fluminense (UFF) e do Museu de Arte do Rio (MAR), em parceria com a Universidade Federal do Rio de Janeiro (UFRJ) e com o apoio da Faperj.<\/p>\n<p>[\/et_pb_text][et_pb_button button_url=&#8221;https:\/\/malestar21.com.br\/o-evento\/seminario\/&#8221; url_new_window=&#8221;on&#8221; button_text=&#8221;Acesse a p\u00e1gina do semin\u00e1rio&#8221; _builder_version=&#8221;4.27.2&#8243; _module_preset=&#8221;default&#8221; custom_button=&#8221;on&#8221; button_text_size=&#8221;13px&#8221; button_text_color=&#8221;#FFFFFF&#8221; button_bg_color=&#8221;gcid-f9ca37a7-31b2-46d4-92a0-9f3a029615c0&#8243; button_border_width=&#8221;1px&#8221; button_border_radius=&#8221;0px&#8221; button_letter_spacing=&#8221;3px&#8221; button_font=&#8221;Poppins|||on|||||&#8221; button_icon=&#8221;&#x26;||divi||400&#8243; custom_padding=&#8221;7px||7px||true|false&#8221; hover_enabled=&#8221;0&#8243; global_colors_info=&#8221;{%22gcid-f9ca37a7-31b2-46d4-92a0-9f3a029615c0%22:%91%22button_bg_color%22%93}&#8221; sticky_enabled=&#8221;0&#8243;][\/et_pb_button][\/et_pb_column][\/et_pb_row][\/et_pb_section][et_pb_section fb_built=&#8221;1&#8243; _builder_version=&#8221;4.25.0&#8243; _module_preset=&#8221;default&#8221; background_color=&#8221;#f4fbfb&#8221; collapsed=&#8221;on&#8221; global_colors_info=&#8221;{}&#8221;][et_pb_row _builder_version=&#8221;4.25.0&#8243; _module_preset=&#8221;default&#8221; global_colors_info=&#8221;{}&#8221;][et_pb_column type=&#8221;4_4&#8243; _builder_version=&#8221;4.25.0&#8243; _module_preset=&#8221;default&#8221; global_colors_info=&#8221;{}&#8221;][et_pb_divider show_divider=&#8221;off&#8221; _builder_version=&#8221;4.25.0&#8243; _module_preset=&#8221;default&#8221; global_colors_info=&#8221;{}&#8221;][\/et_pb_divider][\/et_pb_column][\/et_pb_row][\/et_pb_section]<\/p>\n","protected":false},"excerpt":{"rendered":"<p>Este encontro interdisciplinar re\u00fane pesquisadores de forma\u00e7\u00f5es variadas, tanto nacionais como estrangeiros, que v\u00eam refletindo com ousadia a respeito do erotismo na contemporaneidade. Nas \u00faltimas d\u00e9cadas, um conjunto de transforma\u00e7\u00f5es hist\u00f3ricas est\u00e3o afetando os modos com que nos vinculamos aos outros. Ao convocar essas duas figuras m\u00edticas da nossa tradi\u00e7\u00e3o ocidental, Eros e Dion\u00edsio, pretendemos [&hellip;]<\/p>\n","protected":false},"author":1,"featured_media":0,"parent":0,"menu_order":0,"comment_status":"closed","ping_status":"closed","template":"","meta":{"_et_pb_use_builder":"on","_et_pb_old_content":"","_et_gb_content_width":"","footnotes":""},"class_list":["post-1295","page","type-page","status-publish","hentry"],"_links":{"self":[{"href":"https:\/\/paulasibilia.com\/index.php\/wp-json\/wp\/v2\/pages\/1295","targetHints":{"allow":["GET"]}}],"collection":[{"href":"https:\/\/paulasibilia.com\/index.php\/wp-json\/wp\/v2\/pages"}],"about":[{"href":"https:\/\/paulasibilia.com\/index.php\/wp-json\/wp\/v2\/types\/page"}],"author":[{"embeddable":true,"href":"https:\/\/paulasibilia.com\/index.php\/wp-json\/wp\/v2\/users\/1"}],"replies":[{"embeddable":true,"href":"https:\/\/paulasibilia.com\/index.php\/wp-json\/wp\/v2\/comments?post=1295"}],"version-history":[{"count":6,"href":"https:\/\/paulasibilia.com\/index.php\/wp-json\/wp\/v2\/pages\/1295\/revisions"}],"predecessor-version":[{"id":1319,"href":"https:\/\/paulasibilia.com\/index.php\/wp-json\/wp\/v2\/pages\/1295\/revisions\/1319"}],"wp:attachment":[{"href":"https:\/\/paulasibilia.com\/index.php\/wp-json\/wp\/v2\/media?parent=1295"}],"curies":[{"name":"wp","href":"https:\/\/api.w.org\/{rel}","templated":true}]}}