{"id":122,"date":"2024-04-09T15:49:36","date_gmt":"2024-04-09T18:49:36","guid":{"rendered":"https:\/\/paulasibilia2.lugarestudio.com.br\/?page_id=122"},"modified":"2024-10-30T14:55:16","modified_gmt":"2024-10-30T17:55:16","slug":"audios","status":"publish","type":"page","link":"https:\/\/paulasibilia.com\/index.php\/audios\/","title":{"rendered":"\u00c1udios"},"content":{"rendered":"<p>[et_pb_section fb_built=&#8221;1&#8243; theme_builder_area=&#8221;post_content&#8221; _builder_version=&#8221;4.27.2&#8243; _module_preset=&#8221;default&#8221; background_color=&#8221;RGBA(255,255,255,0)&#8221; background_image=&#8221;https:\/\/paulasibilia.com\/wp-content\/uploads\/2024\/10\/PG-construcao-1.jpg&#8221; custom_margin=&#8221;-60px||||false|false&#8221; custom_padding=&#8221;|||0px||&#8221; custom_css_main_element=&#8221;min-height: 100vh&#8221;][et_pb_row _builder_version=&#8221;4.27.2&#8243; _module_preset=&#8221;default&#8221; custom_margin=&#8221;35px||||false|false&#8221; hover_enabled=&#8221;0&#8243; global_colors_info=&#8221;{}&#8221; locked=&#8221;off&#8221; theme_builder_area=&#8221;post_content&#8221; custom_padding=&#8221;0px||0px||true|false&#8221; sticky_enabled=&#8221;0&#8243;][et_pb_column type=&#8221;4_4&#8243; _builder_version=&#8221;4.25.0&#8243; _module_preset=&#8221;default&#8221; global_colors_info=&#8221;{}&#8221; theme_builder_area=&#8221;post_content&#8221;][et_pb_heading title=&#8221;\u00c1udios&#8221; _builder_version=&#8221;4.27.2&#8243; _module_preset=&#8221;default&#8221; title_font=&#8221;Poppins|300||on|||||&#8221; title_text_align=&#8221;center&#8221; title_text_color=&#8221;gcid-981eccd2-dffb-47fa-812c-1d79488ed1b4&#8243; title_font_size=&#8221;40px&#8221; title_letter_spacing=&#8221;7px&#8221; hover_enabled=&#8221;0&#8243; title_text_shadow_style=&#8221;preset3&#8243; global_colors_info=&#8221;{%22gcid-981eccd2-dffb-47fa-812c-1d79488ed1b4%22:%91%22title_text_color%22%93}&#8221; theme_builder_area=&#8221;post_content&#8221; sticky_enabled=&#8221;0&#8243;][\/et_pb_heading][et_pb_heading title=&#8221;P\u00e1gina em constru\u00e7\u00e3o&#8221; _builder_version=&#8221;4.27.2&#8243; _module_preset=&#8221;default&#8221; theme_builder_area=&#8221;post_content&#8221; title_font=&#8221;&#8211;et_global_heading_font|600||on|||||&#8221; title_font_size=&#8221;40px&#8221; title_text_align=&#8221;center&#8221; title_text_shadow_style=&#8221;preset1&#8243; title_text_shadow_vertical_length=&#8221;0.03em&#8221; title_text_shadow_blur_strength=&#8221;0.03em&#8221; title_letter_spacing=&#8221;2px&#8221; global_colors_info=&#8221;{%22gcid-981eccd2-dffb-47fa-812c-1d79488ed1b4%22:%91%22title_text_shadow_color%22%93}&#8221; title_text_shadow_color=&#8221;gcid-981eccd2-dffb-47fa-812c-1d79488ed1b4&#8243; positioning=&#8221;fixed&#8221; position_origin_f=&#8221;bottom_center&#8221; custom_padding=&#8221;100px||100px||true|false&#8221; hover_enabled=&#8221;0&#8243; sticky_enabled=&#8221;0&#8243;][\/et_pb_heading][\/et_pb_column][\/et_pb_row][\/et_pb_section]<\/p>\n","protected":false},"excerpt":{"rendered":"","protected":false},"author":1,"featured_media":0,"parent":0,"menu_order":0,"comment_status":"closed","ping_status":"closed","template":"","meta":{"_et_pb_use_builder":"on","_et_pb_old_content":"<!-- wp:divi\/placeholder \/-->","_et_gb_content_width":"","footnotes":""},"class_list":["post-122","page","type-page","status-publish","hentry"],"_links":{"self":[{"href":"https:\/\/paulasibilia.com\/index.php\/wp-json\/wp\/v2\/pages\/122","targetHints":{"allow":["GET"]}}],"collection":[{"href":"https:\/\/paulasibilia.com\/index.php\/wp-json\/wp\/v2\/pages"}],"about":[{"href":"https:\/\/paulasibilia.com\/index.php\/wp-json\/wp\/v2\/types\/page"}],"author":[{"embeddable":true,"href":"https:\/\/paulasibilia.com\/index.php\/wp-json\/wp\/v2\/users\/1"}],"replies":[{"embeddable":true,"href":"https:\/\/paulasibilia.com\/index.php\/wp-json\/wp\/v2\/comments?post=122"}],"version-history":[{"count":6,"href":"https:\/\/paulasibilia.com\/index.php\/wp-json\/wp\/v2\/pages\/122\/revisions"}],"predecessor-version":[{"id":232875,"href":"https:\/\/paulasibilia.com\/index.php\/wp-json\/wp\/v2\/pages\/122\/revisions\/232875"}],"wp:attachment":[{"href":"https:\/\/paulasibilia.com\/index.php\/wp-json\/wp\/v2\/media?parent=122"}],"curies":[{"name":"wp","href":"https:\/\/api.w.org\/{rel}","templated":true}]}}